{"id":67,"date":"2009-06-06T15:28:31","date_gmt":"2009-06-06T13:28:31","guid":{"rendered":"http:\/\/www.z-ware.hu\/portal\/?page_id=67"},"modified":"2024-09-29T23:09:34","modified_gmt":"2024-09-29T21:09:34","slug":"szerver","status":"publish","type":"page","link":"https:\/\/www.z-ware.hu\/portal\/szolgaltatasaink\/szerver\/","title":{"rendered":"Szerverfel\u00fcgyelet, karbantart\u00e1s"},"content":{"rendered":"<p style=\"text-align: justify;\"><img loading=\"lazy\" decoding=\"async\" class=\"alignright wp-image-208 size-full\" title=\"dell-server1\" src=\"https:\/\/www.z-ware.hu\/portal\/wp-content\/uploads\/2009\/06\/dell-server1.jpg\" alt=\"dell-server1\" width=\"160\" height=\"225\" align=\"right\" \/>Egy IT h\u00e1l\u00f3zat n\u00e9lk\u00fcl\u00f6zhetetlen eleme a szerver. A szerver sz\u00e1mos feladatot ell\u00e1that, az egyszer\u0171 adatt\u00e1rol\u00e1st\u00f3l kezdve az internetes szolg\u00e1ltat\u00e1sokig. Mivel egy h\u00e1l\u00f3zat \u00e9s a v\u00e1llalkoz\u00e1s m\u0171k\u00f6d\u0151k\u00e9pess\u00e9ge m\u00falik rajta, kiemelked\u0151en fontos, hogy biztons\u00e1gos legyen. A biztons\u00e1got (b\u00e1r abszol\u00fat biztons\u00e1g nem l\u00e9tezik) csak \u00e9s kiz\u00e1r\u00f3lag \u00fagy lehet garant\u00e1lni, ha megfelel\u0151 hardvert \u00e9s szoftvert v\u00e1lasztunk, illetve minden szerverszolg\u00e1ltat\u00e1s pontosan, az ig\u00e9nyeknek megfelel\u0151en van konfigur\u00e1lva.<\/p>\n<p style=\"text-align: justify;\"><strong><span style=\"font-size: small;\">Mikor van sz\u00fcks\u00e9g saj\u00e1t szerverre?<\/span><\/strong><\/p>\n<p style=\"text-align: justify;\">Saj\u00e1t szerverre sz\u00e1mos esetben sz\u00fcks\u00e9g lehet ak\u00e1r a szervezet helyi h\u00e1l\u00f3zat\u00e1ban, ak\u00e1r internetes szolg\u00e1ltat\u00e1sok eset\u00e9n, ha:<\/p>\n<table border=\"0\" width=\"480\" cellspacing=\"0\" cellpadding=\"1\" align=\"center\">\n<tbody>\n<tr>\n<td align=\"center\" valign=\"top\" width=\"20\"><img loading=\"lazy\" decoding=\"async\" class=\"size-full wp-image-89 alignnone\" src=\"https:\/\/www.z-ware.hu\/portal\/wp-content\/uploads\/2009\/06\/001_06.png\" alt=\"\" width=\"24\" height=\"24\" \/><\/td>\n<td style=\"text-align: justify;\" valign=\"top\">t\u00f6bb sz\u00e1m\u00edt\u00f3g\u00e9p k\u00f6z\u00f6tt kell er\u0151forr\u00e1sokat, kommunik\u00e1ci\u00f3s csatorn\u00e1kat megosztani<\/td>\n<\/tr>\n<tr>\n<td align=\"center\" valign=\"top\" width=\"20\"><img loading=\"lazy\" decoding=\"async\" class=\"size-full wp-image-89 alignnone\" src=\"https:\/\/www.z-ware.hu\/portal\/wp-content\/uploads\/2009\/06\/001_06.png\" alt=\"\" width=\"24\" height=\"24\" \/><\/td>\n<td style=\"text-align: justify;\" valign=\"top\">nagy mennyis\u00e9g\u0171 adatot kell t\u00e1rolni, kezelni<\/td>\n<\/tr>\n<tr>\n<td align=\"center\" valign=\"top\" width=\"20\"><img loading=\"lazy\" decoding=\"async\" class=\"size-full wp-image-89 alignnone\" src=\"https:\/\/www.z-ware.hu\/portal\/wp-content\/uploads\/2009\/06\/001_06.png\" alt=\"\" width=\"24\" height=\"24\" \/><\/td>\n<td style=\"text-align: justify;\" valign=\"top\">telephelyeket kell \u00f6sszek\u00f6tni<\/td>\n<\/tr>\n<tr>\n<td align=\"center\" valign=\"top\" width=\"20\"><img loading=\"lazy\" decoding=\"async\" class=\"size-full wp-image-89 alignnone\" src=\"https:\/\/www.z-ware.hu\/portal\/wp-content\/uploads\/2009\/06\/001_06.png\" alt=\"\" width=\"24\" height=\"24\" \/><\/td>\n<td style=\"text-align: justify;\" valign=\"top\">az Interneten val\u00f3 megjelen\u00e9s ezt ig\u00e9nyli<\/td>\n<\/tr>\n<tr>\n<td align=\"center\" valign=\"top\" width=\"20\"><img loading=\"lazy\" decoding=\"async\" class=\"size-full wp-image-89 alignnone\" src=\"https:\/\/www.z-ware.hu\/portal\/wp-content\/uploads\/2009\/06\/001_06.png\" alt=\"\" width=\"24\" height=\"24\" \/><\/td>\n<td style=\"text-align: justify;\" valign=\"top\">csoportmunka eset\u00e9n<\/td>\n<\/tr>\n<tr>\n<td align=\"center\" valign=\"top\" width=\"20\"><img loading=\"lazy\" decoding=\"async\" class=\"size-full wp-image-89 alignnone\" src=\"https:\/\/www.z-ware.hu\/portal\/wp-content\/uploads\/2009\/06\/001_06.png\" alt=\"\" width=\"24\" height=\"24\" \/><\/td>\n<td style=\"text-align: justify;\" valign=\"top\">stb.<\/td>\n<\/tr>\n<\/tbody>\n<\/table>\n<p style=\"text-align: justify;\"><strong><span style=\"font-size: small;\">Szervertelep\u00edt\u00e9s<\/span><\/strong><\/p>\n<p style=\"text-align: justify;\">C\u00e9g\u00fcnk v\u00e1llalja szerverek telep\u00edt\u00e9s\u00e9t az \u00d6n v\u00e1llalkoz\u00e1sa c\u00e9ljainak megfelel\u0151en. Ahhoz, hogy a legjobb megold\u00e1st tudjuk biztos\u00edtani \u00d6nnek, kiv\u00e1lasztjuk a sz\u00fcks\u00e9ges hardver eszk\u00f6z\u00f6ket (bel\u00e9p\u0151 szint\u0171 kiszolg\u00e1l\u00f3t\u00f3l a legmagasabb ig\u00e9nyeket is kiel\u00e9g\u00edt\u0151 blade technol\u00f3gi\u00e1ig), valamint azt a kiszolg\u00e1l\u00f3szoftvert, mely a feladatoknak legink\u00e1bb megfelel, ugyanis ezen eszk\u00f6z\u00f6k megv\u00e1laszt\u00e1sa hossz\u00fa ideig meghat\u00e1rozza v\u00e1llalkoz\u00e1sa informatikai politik\u00e1j\u00e1t. Mi nem d\u00f6nt\u00fcnk \u00d6n helyett, hiszen a d\u00f6nt\u00e9st a c\u00e9gvezet\u0151nek kell meghoznia, viszont akt\u00edvan r\u00e9szt vesz\u00fcnk a d\u00f6nt\u00e9s el\u0151k\u00e9sz\u00edt\u00e9s\u00e9ben, hogy \u00d6n a legjobbat v\u00e1lassza.<\/p>\n<p style=\"text-align: justify;\"><strong>N\u00e9h\u00e1ny funkci\u00f3, melyek k\u00f6z\u00fcl v\u00e1laszthat:<\/strong><\/p>\n<table border=\"0\" width=\"480\" cellspacing=\"0\" cellpadding=\"1\" align=\"center\">\n<tbody>\n<tr>\n<td align=\"center\" valign=\"top\" width=\"20\"><img loading=\"lazy\" decoding=\"async\" class=\"size-full wp-image-89 alignnone\" src=\"https:\/\/www.z-ware.hu\/portal\/wp-content\/uploads\/2009\/06\/001_06.png\" alt=\"\" width=\"24\" height=\"24\" \/><\/td>\n<td style=\"text-align: justify;\" valign=\"top\">File-, nyomtat\u00f3szerver<\/td>\n<\/tr>\n<tr>\n<td align=\"center\" valign=\"top\" width=\"20\"><img loading=\"lazy\" decoding=\"async\" class=\"size-full wp-image-89 alignnone\" src=\"https:\/\/www.z-ware.hu\/portal\/wp-content\/uploads\/2009\/06\/001_06.png\" alt=\"\" width=\"24\" height=\"24\" \/><\/td>\n<td style=\"text-align: justify;\" valign=\"top\">Mail szerver (SMTP,\u00a0POP3, IMAP)<\/td>\n<\/tr>\n<tr>\n<td align=\"center\" valign=\"top\" width=\"20\"><img loading=\"lazy\" decoding=\"async\" class=\"size-full wp-image-89 alignnone\" src=\"https:\/\/www.z-ware.hu\/portal\/wp-content\/uploads\/2009\/06\/001_06.png\" alt=\"\" width=\"24\" height=\"24\" \/><\/td>\n<td style=\"text-align: justify;\" valign=\"top\">Adatb\u00e1zis kiszolg\u00e1l\u00f3 (MySQL, PostgreSQL, MSSQL, DB2, InterBase, Oracle)<\/td>\n<\/tr>\n<tr>\n<td align=\"center\" valign=\"top\" width=\"20\"><img loading=\"lazy\" decoding=\"async\" class=\"size-full wp-image-89 alignnone\" src=\"https:\/\/www.z-ware.hu\/portal\/wp-content\/uploads\/2009\/06\/001_06.png\" alt=\"\" width=\"24\" height=\"24\" \/><\/td>\n<td style=\"text-align: justify;\" valign=\"top\">Web, DNS kiszolg\u00e1l\u00f3, VPN h\u00e1l\u00f3zat<\/td>\n<\/tr>\n<tr>\n<td align=\"center\" valign=\"top\" width=\"20\"><img loading=\"lazy\" decoding=\"async\" class=\"size-full wp-image-89 alignnone\" src=\"https:\/\/www.z-ware.hu\/portal\/wp-content\/uploads\/2009\/06\/001_06.png\" alt=\"\" width=\"24\" height=\"24\" \/><\/td>\n<td style=\"text-align: justify;\" valign=\"top\">T\u0171zfal, NAT, proxy<\/td>\n<\/tr>\n<tr>\n<td align=\"center\" valign=\"top\" width=\"20\"><img loading=\"lazy\" decoding=\"async\" class=\"size-full wp-image-89 alignnone\" src=\"https:\/\/www.z-ware.hu\/portal\/wp-content\/uploads\/2009\/06\/001_06.png\" alt=\"\" width=\"24\" height=\"24\" \/><\/td>\n<td style=\"text-align: justify;\" valign=\"top\">stb.<\/td>\n<\/tr>\n<\/tbody>\n<\/table>\n<p style=\"text-align: justify;\">Term\u00e9szetesen lehet\u0151s\u00e9ge van szinte b\u00e1rmilyen funkci\u00f3 haszn\u00e1lat\u00e1ra, a lehet\u0151s\u00e9gek hat\u00e1ra a csillagos \u00e9g.<\/p>\n<p style=\"text-align: justify;\"><strong style=\"font-size: small; text-align: justify;\">Szerverfel\u00fcgyelet, karbantart\u00e1s<\/strong><\/p>\n<p style=\"text-align: justify;\">A v\u00e1llalkoz\u00e1s fejl\u0151d\u00e9se egyre b\u0151v\u00fcl\u0151 adatmennyis\u00e9get jelent, melyet a szerveren t\u00e1rolunk digit\u00e1lis form\u00e1ban. Ugyanakkor egyre t\u00f6bb alkalmaz\u00e1s futtat\u00e1sa is sz\u00fcks\u00e9gszer\u0171v\u00e9 v\u00e1lik. Az adatok biztons\u00e1g\u00e1r\u00f3l \u00e9s az alkalmaz\u00e1sok hib\u00e1tlan m\u0171k\u00f6d\u00e9s\u00e9r\u0151l gondoskodni kell. Egy esetleges hib\u00e1s m\u0171k\u00f6d\u00e9s vagy adatveszt\u00e9s s\u00falyos k\u00f6vetkezm\u00e9nyekkel j\u00e1r, ami nem csak anyagiakban m\u00e9rhet\u0151 egy v\u00e1llalkoz\u00e1s sz\u00e1m\u00e1ra.<br \/>\nAhhoz, hogy ezt elker\u00fclhess\u00fck, a szervernek rendszeres fel\u00fcgyeletre \u00e9s karbantart\u00e1sra van sz\u00fcks\u00e9ge. Term\u00e9szetesen ezzel nem z\u00e1rhat\u00f3 ki egy esetleges meghib\u00e1sod\u00e1s, de a kock\u00e1zat nagyban cs\u00f6kkenthet\u0151. C\u00e9g\u00fcnk v\u00e1llalja szervere(i) fel\u00fcgyelet\u00e9t \u00e9s rendszeres karbantart\u00e1s\u00e1t.<\/p>\n<p style=\"text-align: justify;\"><strong>Fel\u00fcgyeleti csomagjaink:<\/strong><\/p>\n<table class=\" aligncenter\" style=\"width: 697px; height: 454px;\" border=\"0\" cellspacing=\"0\" cellpadding=\"1\" align=\"center\">\n<tbody>\n<tr>\n<td style=\"width: 362px;\"><\/td>\n<td style=\"width: 105px;\" align=\"center\" valign=\"middle\">ServerWatch<br \/>\nProfessional<\/td>\n<\/tr>\n<tr>\n<td style=\"width: 362px;\"><span style=\"font-size: smaller;\">szerver monitoroz\u00e1s be\u00e1ll\u00edt\u00e1sa<\/span><\/td>\n<td style=\"width: 105px;\" align=\"center\" valign=\"middle\"><img loading=\"lazy\" decoding=\"async\" class=\"size-full wp-image-89 alignnone\" src=\"https:\/\/www.z-ware.hu\/portal\/wp-content\/uploads\/2009\/06\/001_06.png\" alt=\"\" width=\"24\" height=\"24\" \/><\/td>\n<\/tr>\n<tr>\n<td style=\"width: 362px;\"><span style=\"font-size: smaller;\">kritikus riaszt\u00e1s eset\u00e9n azonnali beavatkoz\u00e1s<\/span><\/td>\n<td style=\"width: 105px;\" align=\"center\" valign=\"middle\"><img loading=\"lazy\" decoding=\"async\" class=\"size-full wp-image-89 alignnone\" src=\"https:\/\/www.z-ware.hu\/portal\/wp-content\/uploads\/2009\/06\/001_06.png\" alt=\"\" width=\"24\" height=\"24\" \/><\/td>\n<\/tr>\n<tr>\n<td style=\"width: 362px;\"><span style=\"font-size: smaller;\">biztons\u00e1gi friss\u00edt\u00e9sek<\/span><\/td>\n<td style=\"width: 105px;\" align=\"center\" valign=\"middle\"><img loading=\"lazy\" decoding=\"async\" class=\"size-full wp-image-89 alignnone\" src=\"https:\/\/www.z-ware.hu\/portal\/wp-content\/uploads\/2009\/06\/001_06.png\" alt=\"\" width=\"24\" height=\"24\" \/><\/td>\n<\/tr>\n<tr>\n<td style=\"width: 362px;\"><span style=\"font-size: smaller;\">szoftverfriss\u00edt\u00e9sek (indokolt esetben)<\/span><\/td>\n<td style=\"width: 105px;\" align=\"center\" valign=\"middle\"><img loading=\"lazy\" decoding=\"async\" class=\"size-full wp-image-89 alignnone\" src=\"https:\/\/www.z-ware.hu\/portal\/wp-content\/uploads\/2009\/06\/001_06.png\" alt=\"\" width=\"24\" height=\"24\" \/><\/td>\n<\/tr>\n<tr>\n<td style=\"width: 362px;\"><span style=\"font-size: smaller;\">rendszeres rutinellen\u0151rz\u00e9s<\/span><\/td>\n<td style=\"width: 105px;\" align=\"center\" valign=\"middle\"><img loading=\"lazy\" decoding=\"async\" class=\"size-full wp-image-89 alignnone\" src=\"https:\/\/www.z-ware.hu\/portal\/wp-content\/uploads\/2009\/06\/001_06.png\" alt=\"\" width=\"24\" height=\"24\" \/><\/td>\n<\/tr>\n<tr>\n<td style=\"width: 362px;\"><span style=\"font-size: smaller;\">karbantart\u00e1si napl\u00f3 vezet\u00e9se<\/span><\/td>\n<td style=\"width: 105px;\" align=\"center\" valign=\"middle\"><img loading=\"lazy\" decoding=\"async\" class=\"size-full wp-image-89 alignnone\" src=\"https:\/\/www.z-ware.hu\/portal\/wp-content\/uploads\/2009\/06\/001_06.png\" alt=\"\" width=\"24\" height=\"24\" \/><\/td>\n<\/tr>\n<tr>\n<td style=\"width: 362px;\"><span style=\"font-size: smaller;\">telefonos helpdesk<\/span><\/td>\n<td style=\"width: 105px;\" align=\"center\" valign=\"middle\"><img loading=\"lazy\" decoding=\"async\" class=\"size-full wp-image-89 alignnone\" src=\"https:\/\/www.z-ware.hu\/portal\/wp-content\/uploads\/2009\/06\/001_06.png\" alt=\"\" width=\"24\" height=\"24\" \/><\/td>\n<\/tr>\n<tr>\n<td style=\"width: 362px;\"><\/td>\n<td style=\"width: 105px;\" align=\"center\" valign=\"middle\"><\/td>\n<\/tr>\n<tr>\n<td style=\"width: 362px;\"><em><strong><span style=\"font-size: smaller;\">\u00c1rak** (\/h\u00f3)<br \/>\n<\/span><\/strong><\/em><\/td>\n<td style=\"width: 105px;\" align=\"center\" valign=\"middle\"><a href=\"https:\/\/www.z-ware.hu\/portal\/kapcsolat\/\">\u00cdrjon<\/a><\/td>\n<\/tr>\n<\/tbody>\n<\/table>\n<p style=\"text-align: justify;\"><span style=\"font-size: smaller;\"><br \/>\n** Az \u00e1rak nett\u00f3 \u00e9rt\u00e9kben lettek felt\u00fcntetve. Az \u00e1rak ir\u00e1ny\u00e1rak, melyek \u00e1tlagos feladatk\u00f6rrel rendelkez\u0151 szerver eset\u00e9n \u00e9rv\u00e9nyesek.<\/span><\/p>\n","protected":false},"excerpt":{"rendered":"<p>Egy IT h\u00e1l\u00f3zat n\u00e9lk\u00fcl\u00f6zhetetlen eleme a szerver. A szerver sz\u00e1mos feladatot ell\u00e1that, az egyszer\u0171 adatt\u00e1rol\u00e1st\u00f3l kezdve az internetes szolg\u00e1ltat\u00e1sokig. Mivel egy h\u00e1l\u00f3zat \u00e9s a v\u00e1llalkoz\u00e1s m\u0171k\u00f6d\u0151k\u00e9pess\u00e9ge m\u00falik rajta, kiemelked\u0151en fontos, &#8230;<\/p>\n","protected":false},"author":1,"featured_media":208,"parent":16,"menu_order":1,"comment_status":"closed","ping_status":"closed","template":"","meta":{"footnotes":""},"class_list":["post-67","page","type-page","status-publish","has-post-thumbnail","hentry"],"aioseo_notices":[],"jetpack_sharing_enabled":true,"_links":{"self":[{"href":"https:\/\/www.z-ware.hu\/portal\/wp-json\/wp\/v2\/pages\/67","targetHints":{"allow":["GET"]}}],"collection":[{"href":"https:\/\/www.z-ware.hu\/portal\/wp-json\/wp\/v2\/pages"}],"about":[{"href":"https:\/\/www.z-ware.hu\/portal\/wp-json\/wp\/v2\/types\/page"}],"author":[{"embeddable":true,"href":"https:\/\/www.z-ware.hu\/portal\/wp-json\/wp\/v2\/users\/1"}],"replies":[{"embeddable":true,"href":"https:\/\/www.z-ware.hu\/portal\/wp-json\/wp\/v2\/comments?post=67"}],"version-history":[{"count":44,"href":"https:\/\/www.z-ware.hu\/portal\/wp-json\/wp\/v2\/pages\/67\/revisions"}],"predecessor-version":[{"id":1171,"href":"https:\/\/www.z-ware.hu\/portal\/wp-json\/wp\/v2\/pages\/67\/revisions\/1171"}],"up":[{"embeddable":true,"href":"https:\/\/www.z-ware.hu\/portal\/wp-json\/wp\/v2\/pages\/16"}],"wp:featuredmedia":[{"embeddable":true,"href":"https:\/\/www.z-ware.hu\/portal\/wp-json\/wp\/v2\/media\/208"}],"wp:attachment":[{"href":"https:\/\/www.z-ware.hu\/portal\/wp-json\/wp\/v2\/media?parent=67"}],"curies":[{"name":"wp","href":"https:\/\/api.w.org\/{rel}","templated":true}]}}