{"id":680,"date":"2010-09-23T12:53:34","date_gmt":"2010-09-23T10:53:34","guid":{"rendered":"http:\/\/www.z-ware.hu\/portal\/"},"modified":"2017-10-07T11:37:03","modified_gmt":"2017-10-07T09:37:03","slug":"biztonsagi-kamerarendszerek","status":"publish","type":"page","link":"https:\/\/www.z-ware.hu\/portal\/szolgaltatasaink\/biztonsagi-kamerarendszerek\/","title":{"rendered":"Biztons\u00e1gi kamerarendszerek"},"content":{"rendered":"<p style=\"text-align: justify;\">C\u00e9g\u00fcnk 2012-ben megkezdte biztons\u00e1gtechnikai eszk\u00f6z\u00f6k forgalmaz\u00e1s\u00e1t, valamint rendszerek telep\u00edt\u00e9s\u00e9t. IT-biztons\u00e1gi tev\u00e9kenys\u00e9g\u00fcnk mellett v\u00e1llaljuk biztons\u00e1gi kamerarendszerek tervez\u00e9s\u00e9t, ki\u00e9p\u00edt\u00e9s\u00e9t, karbantart\u00e1s\u00e1t. Az alkalmazott technol\u00f3gia lehet AHD illetve IP rendszer.<\/p>\n<p style=\"text-align: justify;\">Sajnos jelen vil\u00e1gunkban sz\u00fcks\u00e9gess\u00e9 v\u00e1lt a biztons\u00e1gi eszk\u00f6z\u00f6k mind gyakoribb haszn\u00e1lata. A k\u00fcl\u00f6nb\u00f6z\u0151 riaszt\u00f3eszk\u00f6z\u00f6k mellett napjainkban egyre n\u00e9pszer\u0171bb a biztons\u00e1gi kamerarendszerek alkalmaz\u00e1sa, mivel nagy seg\u00edts\u00e9get ny\u00fajt a b\u0171nesetek felder\u00edt\u00e9s\u00e9ben.<\/p>\n<p style=\"text-align: justify;\">Abszol\u00fat biztons\u00e1g nincs! De tegyen meg mindent tulajdona v\u00e9delm\u00e9\u00e9rt, nehogy az \u00e1ldozatok k\u00f6r\u00e9be jusson!<\/p>\n<table class=\" aligncenter\" style=\"width: 591px;\">\n<tbody>\n<tr>\n<td style=\"width: 516px;\"><iframe loading=\"lazy\"  style=\"display: block; margin: 0px auto;\"  id=\"_ytid_87762\"  width=\"800\" height=\"450\"  data-origwidth=\"800\" data-origheight=\"450\" src=\"https:\/\/www.youtube.com\/embed\/NebchRvQPuI?enablejsapi=1&autoplay=0&cc_load_policy=0&cc_lang_pref=&iv_load_policy=1&loop=0&rel=1&fs=1&playsinline=0&autohide=2&theme=dark&color=red&controls=1&disablekb=0&\" class=\"__youtube_prefs__  no-lazyload\" title=\"YouTube player\"  allow=\"fullscreen; accelerometer; autoplay; clipboard-write; encrypted-media; gyroscope; picture-in-picture; web-share\" referrerpolicy=\"strict-origin-when-cross-origin\" allowfullscreen data-no-lazy=\"1\" data-skipgform_ajax_framebjll=\"\"><\/iframe><\/td>\n<td style=\"width: 71px; text-align: center;\"><iframe loading=\"lazy\"  style=\"display: block; margin: 0px auto;\"  id=\"_ytid_22646\"  width=\"800\" height=\"450\"  data-origwidth=\"800\" data-origheight=\"450\" src=\"https:\/\/www.youtube.com\/embed\/sBUUv-ez2fg?enablejsapi=1&autoplay=0&cc_load_policy=0&cc_lang_pref=&iv_load_policy=1&loop=0&rel=1&fs=1&playsinline=0&autohide=2&theme=dark&color=red&controls=1&disablekb=0&\" class=\"__youtube_prefs__  no-lazyload\" title=\"YouTube player\"  allow=\"fullscreen; accelerometer; autoplay; clipboard-write; encrypted-media; gyroscope; picture-in-picture; web-share\" referrerpolicy=\"strict-origin-when-cross-origin\" allowfullscreen data-no-lazy=\"1\" data-skipgform_ajax_framebjll=\"\"><\/iframe><\/td>\n<\/tr>\n<\/tbody>\n<\/table>\n<p style=\"text-align: center;\">\n","protected":false},"excerpt":{"rendered":"<p>C\u00e9g\u00fcnk 2012-ben megkezdte biztons\u00e1gtechnikai eszk\u00f6z\u00f6k forgalmaz\u00e1s\u00e1t, valamint rendszerek telep\u00edt\u00e9s\u00e9t. IT-biztons\u00e1gi tev\u00e9kenys\u00e9g\u00fcnk mellett v\u00e1llaljuk biztons\u00e1gi kamerarendszerek tervez\u00e9s\u00e9t, ki\u00e9p\u00edt\u00e9s\u00e9t, karbantart\u00e1s\u00e1t. Az alkalmazott technol\u00f3gia lehet AHD illetve IP rendszer. Sajnos jelen vil\u00e1gunkban sz\u00fcks\u00e9gess\u00e9 &#8230;<\/p>\n","protected":false},"author":1,"featured_media":0,"parent":16,"menu_order":4,"comment_status":"closed","ping_status":"closed","template":"fullwidth.php","meta":{"footnotes":""},"class_list":["post-680","page","type-page","status-publish","hentry"],"aioseo_notices":[],"jetpack_sharing_enabled":true,"_links":{"self":[{"href":"https:\/\/www.z-ware.hu\/portal\/wp-json\/wp\/v2\/pages\/680","targetHints":{"allow":["GET"]}}],"collection":[{"href":"https:\/\/www.z-ware.hu\/portal\/wp-json\/wp\/v2\/pages"}],"about":[{"href":"https:\/\/www.z-ware.hu\/portal\/wp-json\/wp\/v2\/types\/page"}],"author":[{"embeddable":true,"href":"https:\/\/www.z-ware.hu\/portal\/wp-json\/wp\/v2\/users\/1"}],"replies":[{"embeddable":true,"href":"https:\/\/www.z-ware.hu\/portal\/wp-json\/wp\/v2\/comments?post=680"}],"version-history":[{"count":29,"href":"https:\/\/www.z-ware.hu\/portal\/wp-json\/wp\/v2\/pages\/680\/revisions"}],"predecessor-version":[{"id":1019,"href":"https:\/\/www.z-ware.hu\/portal\/wp-json\/wp\/v2\/pages\/680\/revisions\/1019"}],"up":[{"embeddable":true,"href":"https:\/\/www.z-ware.hu\/portal\/wp-json\/wp\/v2\/pages\/16"}],"wp:attachment":[{"href":"https:\/\/www.z-ware.hu\/portal\/wp-json\/wp\/v2\/media?parent=680"}],"curies":[{"name":"wp","href":"https:\/\/api.w.org\/{rel}","templated":true}]}}