{"id":71,"date":"2009-06-06T15:29:04","date_gmt":"2009-06-06T13:29:04","guid":{"rendered":"http:\/\/www.z-ware.hu\/portal\/?page_id=71"},"modified":"2016-10-12T21:16:21","modified_gmt":"2016-10-12T19:16:21","slug":"tanacsadas","status":"publish","type":"page","link":"https:\/\/www.z-ware.hu\/portal\/szolgaltatasaink\/tanacsadas\/","title":{"rendered":"Tan\u00e1csad\u00e1s"},"content":{"rendered":"<p style=\"text-align: justify;\"><img loading=\"lazy\" decoding=\"async\" class=\"alignright wp-image-244 size-medium\" title=\"suit1\" src=\"https:\/\/www.z-ware.hu\/portal\/wp-content\/uploads\/2009\/06\/suit1-200x300.jpg\" alt=\"suit1\" width=\"200\" height=\"300\" align=\"right\" srcset=\"https:\/\/www.z-ware.hu\/portal\/wp-content\/uploads\/2009\/06\/suit1-200x300.jpg 200w, https:\/\/www.z-ware.hu\/portal\/wp-content\/uploads\/2009\/06\/suit1.jpg 240w\" sizes=\"auto, (max-width: 200px) 100vw, 200px\" \/>Napjainkban, az inform\u00e1ci\u00f3s t\u00e1rsadalomban a v\u00e1llalkoz\u00e1sok sz\u00e1m\u00e1ra az inform\u00e1ci\u00f3 elengedhetetlen a hat\u00e9kony \u00e9s sikeres \u00fczletmenet folytat\u00e1s\u00e1hoz. Az inform\u00e1ci\u00f3 kezel\u00e9s\u00e9hez megfelel\u0151 informatikai h\u00e1tt\u00e9rre van sz\u00fcks\u00e9g. Ez azonban nem csak a nagyv\u00e1llalatok kiv\u00e1lts\u00e1ga, hanem minden kis- \u00e9s k\u00f6z\u00e9pv\u00e1llalkoz\u00e1snak is fontos. Az inform\u00e1ci\u00f3 mindenki &#8211; legyen az kis csal\u00e1di v\u00e1llalkoz\u00e1s vagy multic\u00e9g &#8211; \u00e9letbe v\u00e1g\u00f3. K\u00fcl\u00f6nbs\u00e9get csak az ig\u00e9nyek jelentenek, illetve az, hogy ezeket az ig\u00e9nyeket milyen informatikai k\u00f6rnyezet tudja hat\u00e9konyan t\u00e1mogatni.<br \/>\nAz IT h\u00e1tt\u00e9r kiv\u00e1laszt\u00e1sa mindig neh\u00e9z feladat, hiszen az \u00fcgyviteli folyamatok eset\u00e9ben is a legfontosabb szempontok k\u00f6z\u00f6tt sorolhatjuk a k\u00f6lts\u00e9ghat\u00e9konys\u00e1got, valamint a rugalmass\u00e1got. A megfelel\u0151 k\u00f6rnyezetet a val\u00f3s ig\u00e9nyek alapj\u00e1n kell megv\u00e1lasztani.<br \/>\nAkkor besz\u00e9lhet\u00fcnk hat\u00e9kony informatikai rendszerr\u0151l, ha azok megk\u00f6nny\u00edtik a felhaszn\u00e1l\u00f3k munk\u00e1j\u00e1t, \u00e9s szinte \u00e9szrev\u00e9tlen\u00fcl be\u00e9p\u00fclnek a v\u00e1llalkoz\u00e1s \u00fcgyviteli tev\u00e9kenys\u00e9g\u00e9be.<\/p>\n<p style=\"text-align: justify;\">Tan\u00e1csad\u00e1si szolg\u00e1ltat\u00e1sunk c\u00e9lja, hogy v\u00e1llalkoz\u00e1s\u00e1nak IT-k\u00f6rnyezet\u00e9t \u00fagy alak\u00edtsuk ki, illetve form\u00e1ljuk \u00e1t, hogy az teljes m\u00e9rt\u00e9kben t\u00e1mogassa c\u00e9ge \u00fczleti c\u00e9ljait, \u00fczleti strat\u00e9gi\u00e1j\u00e1t.<\/p>\n<p style=\"text-align: justify;\"><strong><span style=\"font-size: small;\">Milyen elv\u00e1r\u00e1sok vannak egy hat\u00e9kony IT rendszerrel szemben? <\/span><\/strong><\/p>\n<p style=\"text-align: justify;\">A k\u00f6vetkez\u0151 elv\u00e1r\u00e1sokat a v\u00e1llalkoz\u00e1s d\u00f6nt\u00e9shoz\u00f3i szempontj\u00e1b\u00f3l n\u00e9zz\u00fck.<\/p>\n<table border=\"0\" width=\"480\" cellspacing=\"1\" cellpadding=\"1\" align=\"center\">\n<tbody>\n<tr>\n<td align=\"center\" valign=\"top\" width=\"20\"><img loading=\"lazy\" decoding=\"async\" src=\"http:\/\/www.z-ware.hu\/portal\/wp-content\/uploads\/2009\/06\/001_21.png\" alt=\"\" width=\"12\" height=\"12\" \/><\/td>\n<td style=\"text-align: justify;\" valign=\"top\">legyen \u00f6sszhangban a v\u00e1llalkoz\u00e1s \u00fczleti strat\u00e9gi\u00e1j\u00e1val, c\u00e9ljaival<\/td>\n<\/tr>\n<tr>\n<td align=\"center\" valign=\"top\" width=\"20\"><img loading=\"lazy\" decoding=\"async\" src=\"http:\/\/www.z-ware.hu\/portal\/wp-content\/uploads\/2009\/06\/001_21.png\" alt=\"\" width=\"12\" height=\"12\" \/><\/td>\n<td style=\"text-align: justify;\" valign=\"top\">alkalmazkodjon a v\u00e1llalat bels\u0151 \u00e9s a piac elv\u00e1r\u00e1saihoz<\/td>\n<\/tr>\n<tr>\n<td align=\"center\" valign=\"top\" width=\"20\"><img loading=\"lazy\" decoding=\"async\" src=\"http:\/\/www.z-ware.hu\/portal\/wp-content\/uploads\/2009\/06\/001_21.png\" alt=\"\" width=\"12\" height=\"12\" \/><\/td>\n<td style=\"text-align: justify;\" valign=\"top\">\u00e9rthet\u0151 \u00e9s alkalmazhat\u00f3 funkci\u00f3kkal rendelkezzen<\/td>\n<\/tr>\n<tr>\n<td align=\"center\" valign=\"top\" width=\"20\"><img loading=\"lazy\" decoding=\"async\" src=\"http:\/\/www.z-ware.hu\/portal\/wp-content\/uploads\/2009\/06\/001_21.png\" alt=\"\" width=\"12\" height=\"12\" \/><\/td>\n<td style=\"text-align: justify;\" valign=\"top\">az \u00fczleti folyamatokat hat\u00e9konyan t\u00e1mogass\u00e1k<\/td>\n<\/tr>\n<tr>\n<td align=\"center\" valign=\"top\" width=\"20\"><img loading=\"lazy\" decoding=\"async\" src=\"http:\/\/www.z-ware.hu\/portal\/wp-content\/uploads\/2009\/06\/001_21.png\" alt=\"\" width=\"12\" height=\"12\" \/><\/td>\n<td style=\"text-align: justify;\" valign=\"top\">csak a v\u00e1llalati strat\u00e9gi\u00e1nak \u00e9s \u00fczletpolitik\u00e1nak megfelel\u0151 funkci\u00f3k ker\u00fcljenek bevezet\u00e9sre a k\u00f6lts\u00e9ghat\u00e9konys\u00e1g miatt<\/td>\n<\/tr>\n<tr>\n<td align=\"center\" valign=\"top\" width=\"20\"><img loading=\"lazy\" decoding=\"async\" src=\"http:\/\/www.z-ware.hu\/portal\/wp-content\/uploads\/2009\/06\/001_21.png\" alt=\"\" width=\"12\" height=\"12\" \/><\/td>\n<td style=\"text-align: justify;\" valign=\"top\">megfelel\u0151 legyen inform\u00e1ci\u00f3 (IT) biztons\u00e1gi szempontb\u00f3l<\/td>\n<\/tr>\n<tr>\n<td align=\"center\" valign=\"top\" width=\"20\"><img loading=\"lazy\" decoding=\"async\" src=\"http:\/\/www.z-ware.hu\/portal\/wp-content\/uploads\/2009\/06\/001_21.png\" alt=\"\" width=\"12\" height=\"12\" \/><\/td>\n<td style=\"text-align: justify;\" valign=\"top\">dokument\u00e1lhat\u00f3k \u00e9s ellen\u0151rizhet\u0151k legyenek a rendszer keretei (p\u00e9nz\u00fcgyi \u00e9s hat\u00e1rid\u0151s keretek)<\/td>\n<\/tr>\n<tr>\n<td align=\"center\" valign=\"top\" width=\"20\"><img loading=\"lazy\" decoding=\"async\" src=\"http:\/\/www.z-ware.hu\/portal\/wp-content\/uploads\/2009\/06\/001_21.png\" alt=\"\" width=\"12\" height=\"12\" \/><\/td>\n<td style=\"text-align: justify;\" valign=\"top\">stb.<\/td>\n<\/tr>\n<\/tbody>\n<\/table>\n<p style=\"text-align: justify;\"><span style=\"font-size: small;\"><strong><br \/>\nMire terjed ki tan\u00e1csad\u00e1si szolg\u00e1ltat\u00e1sunk? <\/strong><\/span><\/p>\n<p style=\"text-align: justify;\">C\u00e9g\u00fcnk t\u00f6bb ter\u00fcleten is v\u00e9gez tan\u00e1csad\u00e1si tev\u00e9kenys\u00e9get az\u00e9rt, hogy v\u00e1llalkoz\u00e1s\u00e1nak a lehet\u0151 legjobb megold\u00e1st tal\u00e1ljuk meg \u00e9s informatikai rendszer\u00e9nek \u00fczemeltet\u00e9se minden szempontb\u00f3l egyszer\u0171 \u00e9s hat\u00e9kony legyen, ez\u00e9rt az al\u00e1bbi ter\u00fcleteken tudunk \u00d6nnek seg\u00edts\u00e9get ny\u00fajtani:<\/p>\n<table border=\"0\" width=\"480\" cellspacing=\"1\" cellpadding=\"1\" align=\"center\">\n<tbody>\n<tr>\n<td align=\"center\" valign=\"top\" width=\"20\"><img loading=\"lazy\" decoding=\"async\" src=\"http:\/\/www.z-ware.hu\/portal\/wp-content\/uploads\/2009\/06\/001_21.png\" alt=\"\" width=\"12\" height=\"12\" \/><\/td>\n<td style=\"text-align: justify;\" valign=\"top\">d\u00f6nt\u00e9s-, beruh\u00e1z\u00e1s-el\u0151k\u00e9sz\u00edt\u00e9s, menedzsel\u00e9s<\/td>\n<\/tr>\n<tr>\n<td align=\"center\" valign=\"top\" width=\"20\"><img loading=\"lazy\" decoding=\"async\" src=\"http:\/\/www.z-ware.hu\/portal\/wp-content\/uploads\/2009\/06\/001_21.png\" alt=\"\" width=\"12\" height=\"12\" \/><\/td>\n<td style=\"text-align: justify;\" valign=\"top\">IT rendszer tan\u00e1csad\u00e1s<\/td>\n<\/tr>\n<tr>\n<td align=\"center\" valign=\"top\" width=\"20\"><img loading=\"lazy\" decoding=\"async\" src=\"http:\/\/www.z-ware.hu\/portal\/wp-content\/uploads\/2009\/06\/001_21.png\" alt=\"\" width=\"12\" height=\"12\" \/><\/td>\n<td style=\"text-align: justify;\" valign=\"top\">IT biztons\u00e1gi tan\u00e1csad\u00e1s<\/td>\n<\/tr>\n<tr>\n<td align=\"center\" valign=\"top\" width=\"20\"><img loading=\"lazy\" decoding=\"async\" src=\"http:\/\/www.z-ware.hu\/portal\/wp-content\/uploads\/2009\/06\/001_21.png\" alt=\"\" width=\"12\" height=\"12\" \/><\/td>\n<td style=\"text-align: justify;\" valign=\"top\">IT \u00fczemeltet\u00e9si tan\u00e1csad\u00e1s<\/td>\n<\/tr>\n<tr>\n<td align=\"center\" valign=\"top\" width=\"20\"><img loading=\"lazy\" decoding=\"async\" src=\"http:\/\/www.z-ware.hu\/portal\/wp-content\/uploads\/2009\/06\/001_21.png\" alt=\"\" width=\"12\" height=\"12\" \/><\/td>\n<td style=\"text-align: justify;\" valign=\"top\">IT audit<\/td>\n<\/tr>\n<\/tbody>\n<\/table>\n<p style=\"text-align: justify;\">Fontosnak tartjuk, hogy minden esetben az \u00d6n v\u00e1llalkoz\u00e1sa \u00e9rdekeit k\u00e9pviselj\u00fck. A kisv\u00e1llalkoz\u00e1sok t\u00f6bbs\u00e9g\u00e9nek nincs kell\u0151 er\u0151forr\u00e1sa egy informatikai beruh\u00e1z\u00e1s lebonyol\u00edt\u00e1s\u00e1ra, ennek megfelel\u0151en sz\u00e1mos esetben probl\u00e9m\u00e1t jelent a megfelel\u0151 eszk\u00f6z\u00f6k \u00e9s megold\u00e1sok kiv\u00e1laszt\u00e1sa. Az \u00fczleti strat\u00e9gi\u00e1val nem harmoniz\u00e1l\u00f3 IT k\u00f6rnyezet nem tudja biztos\u00edtani a kell\u0151 hat\u00e9konys\u00e1got. V\u00e1llaljuk, hogy a v\u00e1llalkoz\u00e1s\u00e1nak megfelel\u0151 informatikai rendszert tervez\u00fcnk \u00d6nnek, koordin\u00e1ljuk a teljes beruh\u00e1z\u00e1st, megversenyeztetj\u00fck a besz\u00e1ll\u00edt\u00f3kat \u00e9s ki\u00e9rt\u00e9kelj\u00fck a projektet.<\/p>\n<p style=\"text-align: justify;\"><em><strong>Mi\u00e9rt el\u0151ny\u00f6s ez \u00d6nnek?<\/strong><\/em><\/p>\n<table border=\"0\" width=\"480\" cellspacing=\"1\" cellpadding=\"1\" align=\"center\">\n<tbody>\n<tr>\n<td align=\"center\" valign=\"top\" width=\"20\"><img loading=\"lazy\" decoding=\"async\" src=\"http:\/\/www.z-ware.hu\/portal\/wp-content\/uploads\/2009\/06\/001_21.png\" alt=\"\" width=\"12\" height=\"12\" \/><\/td>\n<td style=\"text-align: justify;\" valign=\"top\">a c\u00e9g m\u0171k\u00f6d\u00e9s\u00e9nek megfelel\u0151 IT rendszert tervezz\u00fck meg \u00d6nnek<\/td>\n<\/tr>\n<tr>\n<td align=\"center\" valign=\"top\" width=\"20\"><img loading=\"lazy\" decoding=\"async\" src=\"http:\/\/www.z-ware.hu\/portal\/wp-content\/uploads\/2009\/06\/001_21.png\" alt=\"\" width=\"12\" height=\"12\" \/><\/td>\n<td style=\"text-align: justify;\" valign=\"top\">megversenyeztetj\u00fck a sz\u00e1ll\u00edt\u00f3kat \u00e9s kiv\u00e1lasztjuk a legkedvez\u0151bb aj\u00e1nlatot<\/td>\n<\/tr>\n<tr>\n<td align=\"center\" valign=\"top\" width=\"20\"><img loading=\"lazy\" decoding=\"async\" src=\"http:\/\/www.z-ware.hu\/portal\/wp-content\/uploads\/2009\/06\/001_21.png\" alt=\"\" width=\"12\" height=\"12\" \/><\/td>\n<td style=\"text-align: justify;\" valign=\"top\">mint c\u00e9gvezet\u0151, id\u0151t, energi\u00e1t \u00e9s k\u00f6lts\u00e9get sp\u00f3rolhat<\/td>\n<\/tr>\n<tr>\n<td align=\"center\" valign=\"top\" width=\"20\"><img loading=\"lazy\" decoding=\"async\" src=\"http:\/\/www.z-ware.hu\/portal\/wp-content\/uploads\/2009\/06\/001_21.png\" alt=\"\" width=\"12\" height=\"12\" \/><\/td>\n<td style=\"text-align: justify;\" valign=\"top\">szakszer\u0171 megold\u00e1st biztos\u00edtunk \u00e9s a legjobb min\u0151s\u00e9g\u0171 eszk\u00f6z\u00f6ket szerezz\u00fck be<\/td>\n<\/tr>\n<tr>\n<td align=\"center\" valign=\"top\" width=\"20\"><img loading=\"lazy\" decoding=\"async\" src=\"http:\/\/www.z-ware.hu\/portal\/wp-content\/uploads\/2009\/06\/001_21.png\" alt=\"\" width=\"12\" height=\"12\" \/><\/td>\n<td style=\"text-align: justify;\" valign=\"top\">egy\u00fcttm\u0171k\u00f6d\u00fcnk az \u00fcgyviteli folyamatok IT alap\u00fa \u00e1tszervez\u00e9s\u00e9ben<\/td>\n<\/tr>\n<\/tbody>\n<\/table>\n<table border=\"0\" width=\"480\" cellspacing=\"0\" cellpadding=\"1\" align=\"center\">\n<tbody>\n<tr>\n<td style=\"text-align: center;\"><img loading=\"lazy\" decoding=\"async\" class=\"aligncenter wp-image-243 size-full\" title=\"consulting\" src=\"https:\/\/www.z-ware.hu\/portal\/wp-content\/uploads\/2009\/06\/consulting.jpg\" alt=\"consulting\" width=\"610\" height=\"304\" srcset=\"https:\/\/www.z-ware.hu\/portal\/wp-content\/uploads\/2009\/06\/consulting.jpg 610w, https:\/\/www.z-ware.hu\/portal\/wp-content\/uploads\/2009\/06\/consulting-600x299.jpg 600w, https:\/\/www.z-ware.hu\/portal\/wp-content\/uploads\/2009\/06\/consulting-300x149.jpg 300w\" sizes=\"auto, (max-width: 610px) 100vw, 610px\" \/><\/td>\n<\/tr>\n<\/tbody>\n<\/table>\n<p style=\"text-align: justify;\"><strong><br \/>\nD\u00f6nt\u00e9s-, beruh\u00e1z\u00e1s el\u0151k\u00e9sz\u00edt\u00e9s, menedzsment:<\/strong><\/p>\n<table border=\"0\" width=\"480\" cellspacing=\"1\" cellpadding=\"1\" align=\"center\">\n<tbody>\n<tr>\n<td align=\"center\" valign=\"top\" width=\"20\"><img loading=\"lazy\" decoding=\"async\" src=\"http:\/\/www.z-ware.hu\/portal\/wp-content\/uploads\/2009\/06\/001_21.png\" alt=\"\" width=\"12\" height=\"12\" \/><\/td>\n<td style=\"text-align: justify;\" valign=\"top\">c\u00e9lmeghat\u00e1roz\u00e1s, d\u00f6nt\u00e9s-el\u0151k\u00e9sz\u00edt\u00e9s<\/td>\n<\/tr>\n<tr>\n<td align=\"center\" valign=\"top\" width=\"20\"><img loading=\"lazy\" decoding=\"async\" src=\"http:\/\/www.z-ware.hu\/portal\/wp-content\/uploads\/2009\/06\/001_21.png\" alt=\"\" width=\"12\" height=\"12\" \/><\/td>\n<td style=\"text-align: justify;\" valign=\"top\">IT projektmenedzsment<\/td>\n<\/tr>\n<tr>\n<td align=\"center\" valign=\"top\" width=\"20\"><img loading=\"lazy\" decoding=\"async\" src=\"http:\/\/www.z-ware.hu\/portal\/wp-content\/uploads\/2009\/06\/001_21.png\" alt=\"\" width=\"12\" height=\"12\" \/><\/td>\n<td style=\"text-align: justify;\" valign=\"top\">beruh\u00e1z\u00e1s, fejleszt\u00e9s vev\u0151 oldali k\u00e9pviselete<\/td>\n<\/tr>\n<tr>\n<td align=\"center\" valign=\"top\" width=\"20\"><img loading=\"lazy\" decoding=\"async\" src=\"http:\/\/www.z-ware.hu\/portal\/wp-content\/uploads\/2009\/06\/001_21.png\" alt=\"\" width=\"12\" height=\"12\" \/><\/td>\n<td style=\"text-align: justify;\" valign=\"top\">sz\u00e1ll\u00edt\u00f3kkal val\u00f3 kapcsolattart\u00e1s, kommunik\u00e1ci\u00f3<\/td>\n<\/tr>\n<tr>\n<td align=\"center\" valign=\"top\" width=\"20\"><img loading=\"lazy\" decoding=\"async\" src=\"http:\/\/www.z-ware.hu\/portal\/wp-content\/uploads\/2009\/06\/001_21.png\" alt=\"\" width=\"12\" height=\"12\" \/><\/td>\n<td style=\"text-align: justify;\" valign=\"top\">probl\u00e9mamegold\u00e1s<\/td>\n<\/tr>\n<tr>\n<td align=\"center\" valign=\"top\" width=\"20\"><img loading=\"lazy\" decoding=\"async\" src=\"http:\/\/www.z-ware.hu\/portal\/wp-content\/uploads\/2009\/06\/001_21.png\" alt=\"\" width=\"12\" height=\"12\" \/><\/td>\n<td style=\"text-align: justify;\" valign=\"top\">projekt\u00e9rt\u00e9kel\u00e9s<\/td>\n<\/tr>\n<\/tbody>\n<\/table>\n<p style=\"text-align: justify;\"><strong>IT rendszer tan\u00e1csad\u00e1s:<\/strong><\/p>\n<table border=\"0\" width=\"480\" cellspacing=\"1\" cellpadding=\"1\" align=\"center\">\n<tbody>\n<tr>\n<td align=\"center\" valign=\"top\" width=\"20\"><img loading=\"lazy\" decoding=\"async\" src=\"http:\/\/www.z-ware.hu\/portal\/wp-content\/uploads\/2009\/06\/001_21.png\" alt=\"\" width=\"12\" height=\"12\" \/><\/td>\n<td style=\"text-align: justify;\" valign=\"top\">a v\u00e1llalkoz\u00e1s strat\u00e9gi\u00e1j\u00e1val harmoniz\u00e1l\u00f3 IT strat\u00e9gia kialak\u00edt\u00e1sa<\/td>\n<\/tr>\n<tr>\n<td align=\"center\" valign=\"top\" width=\"20\"><img loading=\"lazy\" decoding=\"async\" src=\"http:\/\/www.z-ware.hu\/portal\/wp-content\/uploads\/2009\/06\/001_21.png\" alt=\"\" width=\"12\" height=\"12\" \/><\/td>\n<td style=\"text-align: justify;\" valign=\"top\">f\u0151- \u00e9s t\u00e1mogat\u00f3 folyamatok felt\u00e9rk\u00e9pez\u00e9se, folyamatmodellez\u00e9s, -m\u00f3dos\u00edt\u00e1s<\/td>\n<\/tr>\n<tr>\n<td align=\"center\" valign=\"top\" width=\"20\"><img loading=\"lazy\" decoding=\"async\" src=\"http:\/\/www.z-ware.hu\/portal\/wp-content\/uploads\/2009\/06\/001_21.png\" alt=\"\" width=\"12\" height=\"12\" \/><\/td>\n<td style=\"text-align: justify;\" valign=\"top\">IT folyamatok \u00e1tvil\u00e1g\u00edt\u00e1sa (\u00fczemeltet\u00e9s, fejleszt\u00e9s, biztons\u00e1g, strat\u00e9gia szempontj\u00e1b\u00f3l)<\/td>\n<\/tr>\n<tr>\n<td align=\"center\" valign=\"top\" width=\"20\"><img loading=\"lazy\" decoding=\"async\" src=\"http:\/\/www.z-ware.hu\/portal\/wp-content\/uploads\/2009\/06\/001_21.png\" alt=\"\" width=\"12\" height=\"12\" \/><\/td>\n<td style=\"text-align: justify;\" valign=\"top\">informatikai folyamatok \u00e1tszervez\u00e9se, alak\u00edt\u00e1sa a szervezetfejleszt\u00e9ssel p\u00e1rhuzamosan<\/td>\n<\/tr>\n<tr>\n<td align=\"center\" valign=\"top\" width=\"20\"><img loading=\"lazy\" decoding=\"async\" src=\"http:\/\/www.z-ware.hu\/portal\/wp-content\/uploads\/2009\/06\/001_21.png\" alt=\"\" width=\"12\" height=\"12\" \/><\/td>\n<td style=\"text-align: justify;\" valign=\"top\">kock\u00e1zat\u00e9rt\u00e9kel\u00e9s \u00e9s v\u00e9grehajt\u00e1s-menedzsment<\/td>\n<\/tr>\n<tr>\n<td align=\"center\" valign=\"top\" width=\"20\"><img loading=\"lazy\" decoding=\"async\" src=\"http:\/\/www.z-ware.hu\/portal\/wp-content\/uploads\/2009\/06\/001_21.png\" alt=\"\" width=\"12\" height=\"12\" \/><\/td>\n<td style=\"text-align: justify;\" valign=\"top\">incidenskezel\u00e9s, prevenci\u00f3<\/td>\n<\/tr>\n<\/tbody>\n<\/table>\n<p style=\"text-align: justify;\"><strong>IT \u00fczemeltet\u00e9si tan\u00e1csad\u00e1s: <\/strong><\/p>\n<table border=\"0\" width=\"480\" cellspacing=\"1\" cellpadding=\"1\" align=\"center\">\n<tbody>\n<tr>\n<td align=\"center\" valign=\"top\" width=\"20\"><img loading=\"lazy\" decoding=\"async\" src=\"http:\/\/www.z-ware.hu\/portal\/wp-content\/uploads\/2009\/06\/001_21.png\" alt=\"\" width=\"12\" height=\"12\" \/><\/td>\n<td style=\"text-align: justify;\" valign=\"top\">helyzetfelm\u00e9r\u00e9s, probl\u00e9mafelt\u00e1r\u00e1s, szab\u00e1lyoz\u00e1s<\/td>\n<\/tr>\n<tr>\n<td align=\"center\" valign=\"top\" width=\"20\"><img loading=\"lazy\" decoding=\"async\" src=\"http:\/\/www.z-ware.hu\/portal\/wp-content\/uploads\/2009\/06\/001_21.png\" alt=\"\" width=\"12\" height=\"12\" \/><\/td>\n<td style=\"text-align: justify;\" valign=\"top\">hat\u00e9kony IT \u00fczemeltet\u00e9s kialak\u00edt\u00e1sa<\/td>\n<\/tr>\n<tr>\n<td align=\"center\" valign=\"top\" width=\"20\"><img loading=\"lazy\" decoding=\"async\" src=\"http:\/\/www.z-ware.hu\/portal\/wp-content\/uploads\/2009\/06\/001_21.png\" alt=\"\" width=\"12\" height=\"12\" \/><\/td>\n<td style=\"text-align: justify;\" valign=\"top\">felk\u00e9sz\u00edt\u00e9s tan\u00fas\u00edt\u00e1sra, vev\u0151i auditra<\/td>\n<\/tr>\n<tr>\n<td align=\"center\" valign=\"top\" width=\"20\"><img loading=\"lazy\" decoding=\"async\" src=\"http:\/\/www.z-ware.hu\/portal\/wp-content\/uploads\/2009\/06\/001_21.png\" alt=\"\" width=\"12\" height=\"12\" \/><\/td>\n<td style=\"text-align: justify;\" valign=\"top\">fejlesztend\u0151 ter\u00fcletek kijel\u00f6l\u00e9se, t\u00e1mogat\u00e1s<\/td>\n<\/tr>\n<tr>\n<td align=\"center\" valign=\"top\" width=\"20\"><img loading=\"lazy\" decoding=\"async\" src=\"http:\/\/www.z-ware.hu\/portal\/wp-content\/uploads\/2009\/06\/001_21.png\" alt=\"\" width=\"12\" height=\"12\" \/><\/td>\n<td style=\"text-align: justify;\" valign=\"top\">audit\u00e1l\u00e1s<\/td>\n<\/tr>\n<\/tbody>\n<\/table>\n<p>&nbsp;<\/p>\n<p style=\"text-align: justify;\"><strong>IT biztons\u00e1gi tan\u00e1csad\u00e1s: <\/strong><\/p>\n<table border=\"0\" width=\"480\" cellspacing=\"1\" cellpadding=\"1\" align=\"center\">\n<tbody>\n<tr>\n<td align=\"center\" valign=\"top\" width=\"20\"><img loading=\"lazy\" decoding=\"async\" src=\"http:\/\/www.z-ware.hu\/portal\/wp-content\/uploads\/2009\/06\/001_21.png\" alt=\"\" width=\"12\" height=\"12\" \/><\/td>\n<td style=\"text-align: justify;\" valign=\"top\">kock\u00e1zatelemz\u00e9s, -\u00e9rt\u00e9kel\u00e9s<\/td>\n<\/tr>\n<tr>\n<td align=\"center\" valign=\"top\" width=\"20\"><img loading=\"lazy\" decoding=\"async\" src=\"http:\/\/www.z-ware.hu\/portal\/wp-content\/uploads\/2009\/06\/001_21.png\" alt=\"\" width=\"12\" height=\"12\" \/><\/td>\n<td style=\"text-align: justify;\" valign=\"top\">szab\u00e1lyzatk\u00e9sz\u00edt\u00e9s, -bevezet\u00e9s<\/td>\n<\/tr>\n<tr>\n<td align=\"center\" valign=\"top\" width=\"20\"><img loading=\"lazy\" decoding=\"async\" src=\"http:\/\/www.z-ware.hu\/portal\/wp-content\/uploads\/2009\/06\/001_21.png\" alt=\"\" width=\"12\" height=\"12\" \/><\/td>\n<td style=\"text-align: justify;\" valign=\"top\">fizikai k\u00f6rnyezet biztons\u00e1gi felm\u00e9r\u00e9se, audit\u00e1l\u00e1sa, kialak\u00edt\u00e1sa<\/td>\n<\/tr>\n<tr>\n<td align=\"center\" valign=\"top\" width=\"20\"><img loading=\"lazy\" decoding=\"async\" src=\"http:\/\/www.z-ware.hu\/portal\/wp-content\/uploads\/2009\/06\/001_21.png\" alt=\"\" width=\"12\" height=\"12\" \/><\/td>\n<td style=\"text-align: justify;\" valign=\"top\">incidenselemz\u00e9s, d\u00f6nt\u00e9st\u00e1mogat\u00e1s<\/td>\n<\/tr>\n<tr>\n<td align=\"center\" valign=\"top\" width=\"20\"><img loading=\"lazy\" decoding=\"async\" src=\"http:\/\/www.z-ware.hu\/portal\/wp-content\/uploads\/2009\/06\/001_21.png\" alt=\"\" width=\"12\" height=\"12\" \/><\/td>\n<td style=\"text-align: justify;\" valign=\"top\">BCP (Business Continuity Planning &#8211; \u00fczletmenet folytonoss\u00e1g tervez\u00e9se)<\/td>\n<\/tr>\n<tr>\n<td align=\"center\" valign=\"top\" width=\"20\"><img loading=\"lazy\" decoding=\"async\" src=\"http:\/\/www.z-ware.hu\/portal\/wp-content\/uploads\/2009\/06\/001_21.png\" alt=\"\" width=\"12\" height=\"12\" \/><\/td>\n<td style=\"text-align: justify;\" valign=\"top\">DRP (Disaster Recovery Planning &#8211; katasztr\u00f3fahelyzet kezel\u00e9s tervez\u00e9se)<\/td>\n<\/tr>\n<tr>\n<td align=\"center\" valign=\"top\" width=\"20\"><img loading=\"lazy\" decoding=\"async\" src=\"http:\/\/www.z-ware.hu\/portal\/wp-content\/uploads\/2009\/06\/001_21.png\" alt=\"\" width=\"12\" height=\"12\" \/><\/td>\n<td style=\"text-align: justify;\" valign=\"top\">IT biztons\u00e1gi rendszerek kialak\u00edt\u00e1sa az ISO 27001\/1779 szabv\u00e1ny \u00e9s a COBIT, SOX, ITB, stb. el\u0151\u00edr\u00e1sok alapj\u00e1n<\/td>\n<\/tr>\n<\/tbody>\n<\/table>\n<p style=\"text-align: justify;\"><strong>IT audit:<\/strong><\/p>\n<table border=\"0\" width=\"480\" cellspacing=\"1\" cellpadding=\"1\" align=\"center\">\n<tbody>\n<tr>\n<td align=\"center\" valign=\"top\" width=\"20\"><img loading=\"lazy\" decoding=\"async\" src=\"http:\/\/www.z-ware.hu\/portal\/wp-content\/uploads\/2009\/06\/001_21.png\" alt=\"\" width=\"12\" height=\"12\" \/><\/td>\n<td style=\"text-align: justify;\" valign=\"top\">teljes szervezetet lefed\u0151 informatikai \u00e9s biztons\u00e1gi \u00e1tvil\u00e1g\u00edt\u00e1s (ak\u00e1r a partnerek\u00e9 is), \u00fcgyf\u00e9lig\u00e9nyeknek megfelel\u0151en<\/td>\n<\/tr>\n<tr>\n<td align=\"center\" valign=\"top\" width=\"20\"><img loading=\"lazy\" decoding=\"async\" src=\"http:\/\/www.z-ware.hu\/portal\/wp-content\/uploads\/2009\/06\/001_21.png\" alt=\"\" width=\"12\" height=\"12\" \/><\/td>\n<td style=\"text-align: justify;\" valign=\"top\">szoftveraudit a jogszab\u00e1lyi rendelkez\u00e9seknek megfelel\u0151en, valamint a hardver audit\u00e1l\u00e1sa<\/td>\n<\/tr>\n<tr>\n<td align=\"center\" valign=\"top\" width=\"20\"><img loading=\"lazy\" decoding=\"async\" src=\"http:\/\/www.z-ware.hu\/portal\/wp-content\/uploads\/2009\/06\/001_21.png\" alt=\"\" width=\"12\" height=\"12\" \/><\/td>\n<td style=\"text-align: justify;\" valign=\"top\">fizikai k\u00f6rnyezet audit\u00e1l\u00e1sa<\/td>\n<\/tr>\n<tr>\n<td align=\"center\" valign=\"top\" width=\"20\"><img loading=\"lazy\" decoding=\"async\" src=\"http:\/\/www.z-ware.hu\/portal\/wp-content\/uploads\/2009\/06\/001_21.png\" alt=\"\" width=\"12\" height=\"12\" \/><\/td>\n<td style=\"text-align: justify;\" valign=\"top\">IT k\u00f6rnyezet biztons\u00e1gi vizsg\u00e1lata (Ethical Hacking, k\u00f3delemz\u00e9s)<\/td>\n<\/tr>\n<\/tbody>\n<\/table>\n","protected":false},"excerpt":{"rendered":"<p>Napjainkban, az inform\u00e1ci\u00f3s t\u00e1rsadalomban a v\u00e1llalkoz\u00e1sok sz\u00e1m\u00e1ra az inform\u00e1ci\u00f3 elengedhetetlen a hat\u00e9kony \u00e9s sikeres \u00fczletmenet folytat\u00e1s\u00e1hoz. Az inform\u00e1ci\u00f3 kezel\u00e9s\u00e9hez megfelel\u0151 informatikai h\u00e1tt\u00e9rre van sz\u00fcks\u00e9g. Ez azonban nem csak a nagyv\u00e1llalatok &#8230;<\/p>\n","protected":false},"author":1,"featured_media":0,"parent":16,"menu_order":3,"comment_status":"closed","ping_status":"closed","template":"fullwidth.php","meta":{"footnotes":""},"class_list":["post-71","page","type-page","status-publish","hentry"],"aioseo_notices":[],"jetpack_sharing_enabled":true,"_links":{"self":[{"href":"https:\/\/www.z-ware.hu\/portal\/wp-json\/wp\/v2\/pages\/71","targetHints":{"allow":["GET"]}}],"collection":[{"href":"https:\/\/www.z-ware.hu\/portal\/wp-json\/wp\/v2\/pages"}],"about":[{"href":"https:\/\/www.z-ware.hu\/portal\/wp-json\/wp\/v2\/types\/page"}],"author":[{"embeddable":true,"href":"https:\/\/www.z-ware.hu\/portal\/wp-json\/wp\/v2\/users\/1"}],"replies":[{"embeddable":true,"href":"https:\/\/www.z-ware.hu\/portal\/wp-json\/wp\/v2\/comments?post=71"}],"version-history":[{"count":27,"href":"https:\/\/www.z-ware.hu\/portal\/wp-json\/wp\/v2\/pages\/71\/revisions"}],"predecessor-version":[{"id":1009,"href":"https:\/\/www.z-ware.hu\/portal\/wp-json\/wp\/v2\/pages\/71\/revisions\/1009"}],"up":[{"embeddable":true,"href":"https:\/\/www.z-ware.hu\/portal\/wp-json\/wp\/v2\/pages\/16"}],"wp:attachment":[{"href":"https:\/\/www.z-ware.hu\/portal\/wp-json\/wp\/v2\/media?parent=71"}],"curies":[{"name":"wp","href":"https:\/\/api.w.org\/{rel}","templated":true}]}}