{"id":982,"date":"2016-10-12T19:28:16","date_gmt":"2016-10-12T17:28:16","guid":{"rendered":"https:\/\/www.z-ware.hu\/portal\/?page_id=982"},"modified":"2020-10-29T12:40:39","modified_gmt":"2020-10-29T10:40:39","slug":"tavsegitseg","status":"publish","type":"page","link":"https:\/\/www.z-ware.hu\/portal\/tavsegitseg\/","title":{"rendered":"T\u00e1vseg\u00edts\u00e9g"},"content":{"rendered":"","protected":true},"excerpt":{"rendered":"","protected":true},"author":1,"featured_media":983,"parent":0,"menu_order":0,"comment_status":"closed","ping_status":"closed","template":"","meta":{"footnotes":""},"class_list":["post-982","page","type-page","status-publish","post-password-required","hentry"],"aioseo_notices":[],"jetpack_sharing_enabled":true,"_links":{"self":[{"href":"https:\/\/www.z-ware.hu\/portal\/wp-json\/wp\/v2\/pages\/982","targetHints":{"allow":["GET"]}}],"collection":[{"href":"https:\/\/www.z-ware.hu\/portal\/wp-json\/wp\/v2\/pages"}],"about":[{"href":"https:\/\/www.z-ware.hu\/portal\/wp-json\/wp\/v2\/types\/page"}],"author":[{"embeddable":true,"href":"https:\/\/www.z-ware.hu\/portal\/wp-json\/wp\/v2\/users\/1"}],"replies":[{"embeddable":true,"href":"https:\/\/www.z-ware.hu\/portal\/wp-json\/wp\/v2\/comments?post=982"}],"version-history":[{"count":7,"href":"https:\/\/www.z-ware.hu\/portal\/wp-json\/wp\/v2\/pages\/982\/revisions"}],"predecessor-version":[{"id":1154,"href":"https:\/\/www.z-ware.hu\/portal\/wp-json\/wp\/v2\/pages\/982\/revisions\/1154"}],"wp:featuredmedia":[{"embeddable":true,"href":"https:\/\/www.z-ware.hu\/portal\/wp-json\/wp\/v2\/media\/983"}],"wp:attachment":[{"href":"https:\/\/www.z-ware.hu\/portal\/wp-json\/wp\/v2\/media?parent=982"}],"curies":[{"name":"wp","href":"https:\/\/api.w.org\/{rel}","templated":true}]}}